{"id":280,"date":"2021-12-14T16:53:58","date_gmt":"2021-12-14T15:53:58","guid":{"rendered":"https:\/\/www.handelndekunst.de\/?page_id=280"},"modified":"2025-06-16T17:59:40","modified_gmt":"2025-06-16T15:59:40","slug":"impressum","status":"publish","type":"page","link":"https:\/\/www.handelndekunst.de\/en\/impressum\/","title":{"rendered":"Impressum"},"content":{"rendered":"\n<p><strong>Ingrid Marschang<\/strong><\/p>\n\n\n\n<p>Aus Sicherheitsgr\u00fcnden wird die Privatadresse nicht im Impressum angegeben; nehmen Sie bitte Kontakt \u00fcber die E-Mail auf:<\/p>\n\n\n\n<p>ingrid@marschang.de <\/p>\n\n\n\n<p> <a href=\"http:\/\/www.marschang.de\">http:\/\/www.marschang.de<\/a><\/p>\n\n\n\n<p><\/p>\n\n\n\n<p><strong>Webkonzept &amp; Umsetzung<\/strong><\/p>\n\n\n\n<p><strong>Guido Lang<\/strong><br>guido.lang@gmx.de<br>powerd by wordpress<\/p>\n\n\n\n<p><\/p>\n\n\n\n<p><strong>Copyright \u00a9 Ingrid Marschang<\/strong><br>S\u00e4mtliche Bild- und Textinhalte auf dieser Website sind urheberrechtlich gesch\u00fctzt und d\u00fcrfen nur im gesetzlich erlaubten Rahmen genutzt werden. Die kommerzielle Nutzung ohne Absprache ist verboten. S\u00e4mtliche Reproduktionen sowie jegliche andere Nutzungen bed\u00fcrfen der vorherigen Absprache mit der urheberrechtlichen Inhaberin, Ingrid Marschang.<\/p>\n\n\n\n<p><\/p>\n\n\n\n<p><strong>Haftungshinweis<\/strong><\/p>\n\n\n\n<p>Trotz sorgf\u00e4ltiger inhaltlicher Kontrolle \u00fcbernehmen wir keine Haftung f\u00fcr die Inhalte externer Links. F\u00fcr den Inhalt der verlinkten Seiten sind ausschlie\u00dflich deren Betreiber verantwortlich.<\/p>\n","protected":false},"excerpt":{"rendered":"<p>Ingrid Marschang Aus Sicherheitsgr\u00fcnden wird die Privatadresse nicht im Impressum angegeben; nehmen Sie bitte Kontakt \u00fcber die E-Mail auf: ingrid@marschang.de http:\/\/www.marschang.de Webkonzept &amp; Umsetzung Guido Langguido.lang@gmx.depowerd by wordpress Copyright \u00a9 Ingrid MarschangS\u00e4mtliche Bild- und Textinhalte auf dieser Website sind urheberrechtlich gesch\u00fctzt und d\u00fcrfen nur im gesetzlich erlaubten Rahmen genutzt werden. Die kommerzielle Nutzung ohne Absprache&hellip; <a class=\"more-link\" href=\"https:\/\/www.handelndekunst.de\/en\/impressum\/\">Continue reading <span class=\"screen-reader-text\">Impressum<\/span><\/a><\/p>\n","protected":false},"author":1,"featured_media":0,"parent":0,"menu_order":0,"comment_status":"closed","ping_status":"closed","template":"","meta":{"ngg_post_thumbnail":0,"footnotes":""},"class_list":["post-280","page","type-page","status-publish","hentry","entry"],"translation":{"provider":"WPGlobus","version":"3.0.2","language":"en","enabled_languages":["de","en"],"languages":{"de":{"title":true,"content":true,"excerpt":false},"en":{"title":false,"content":false,"excerpt":false}}},"_links":{"self":[{"href":"https:\/\/www.handelndekunst.de\/en\/wp-json\/wp\/v2\/pages\/280","targetHints":{"allow":["GET"]}}],"collection":[{"href":"https:\/\/www.handelndekunst.de\/en\/wp-json\/wp\/v2\/pages"}],"about":[{"href":"https:\/\/www.handelndekunst.de\/en\/wp-json\/wp\/v2\/types\/page"}],"author":[{"embeddable":true,"href":"https:\/\/www.handelndekunst.de\/en\/wp-json\/wp\/v2\/users\/1"}],"replies":[{"embeddable":true,"href":"https:\/\/www.handelndekunst.de\/en\/wp-json\/wp\/v2\/comments?post=280"}],"version-history":[{"count":9,"href":"https:\/\/www.handelndekunst.de\/en\/wp-json\/wp\/v2\/pages\/280\/revisions"}],"predecessor-version":[{"id":607,"href":"https:\/\/www.handelndekunst.de\/en\/wp-json\/wp\/v2\/pages\/280\/revisions\/607"}],"wp:attachment":[{"href":"https:\/\/www.handelndekunst.de\/en\/wp-json\/wp\/v2\/media?parent=280"}],"curies":[{"name":"wp","href":"https:\/\/api.w.org\/{rel}","templated":true}]}}